{"id":357,"date":"2019-01-27T15:04:17","date_gmt":"2019-01-27T15:04:17","guid":{"rendered":"http:\/\/ubezpieczeniowe.pl\/?page_id=357"},"modified":"2019-02-03T14:56:53","modified_gmt":"2019-02-03T14:56:53","slug":"reklamacje","status":"publish","type":"page","link":"https:\/\/ubezpieczeniowe.pl\/?page_id=357","title":{"rendered":"reklamacje"},"content":{"rendered":"<ol>\n<li>Zgodnie z Ustaw\u0105 o dystrybucji ubezpiecze\u0144 klient brokera b\u0119d\u0105cy osob\u0105 fizyczn\u0105, osob\u0105 prawn\u0105, sp\u00f3\u0142k\u0105 nieposiadaj\u0105c\u0105 osobowo\u015bci prawnej ma prawo z\u0142o\u017cenia reklamacji na dzia\u0142anie brokera ubezpieczeniowego w zakresie niezwi\u0105zanym z udzielan\u0105 ochron\u0105.<\/li>\n<li>Reklamacje mo\u017cna sk\u0142ada\u0107 drog\u0105 elektroniczn\u0105 na adres broker@ubezpieczeniowe.pl, a tak\u017ce osobi\u015bcie lub w formie pisemnej na adres:<br \/>\nAndrzej Ku\u017anar, Jacek Piec s.c.<br \/>\n43-100 Tychy, ul. Gen. de Gaulle\u2019a 8<\/li>\n<li>Broker ubezpieczeniowy obowi\u0105zany jest udzieli\u0107 odpowiedzi na reklamacj\u0119 w terminie 30 dni od dnia jej otrzymania. Do zachowania terminu wystarczy wys\u0142anie odpowiedzi przed jego up\u0142ywem.<\/li>\n<li>W szczeg\u00f3lnie skomplikowanych przypadkach uniemo\u017cliwiaj\u0105cych rozpatrzenie reklamacji i udzielenie odpowiedzi w terminie, o kt\u00f3rym mowa powy\u017cej broker ubezpieczeniowy:\n<ul>\n<li>wyja\u015bnia przyczyn\u0119 op\u00f3\u017anienia<\/li>\n<li>wskazuje okoliczno\u015bci, kt\u00f3re musz\u0105 zosta\u0107 ustalone dla rozpatrzenia sprawy;<\/li>\n<li>okre\u015bla przewidywany termin rozpatrzenia reklamacji i udzielenia odpowiedzi, kt\u00f3ry nie mo\u017ce przekroczy\u0107 60 dni od dnia otrzymania reklamacji.<\/li>\n<\/ul>\n<\/li>\n<li>Informujemy o mo\u017cliwo\u015bci z\u0142o\u017cenia skargi, jak r\u00f3wnie\u017c o mo\u017cliwo\u015bci rozstrzygni\u0119cia sporu w drodze pozas\u0105dowego post\u0119powania w sprawie rozwi\u0105zywania spor\u00f3w mi\u0119dzy Klientem, a podmiotem rynku finansowego prowadzonego przez Rzecznika Finansowego albo post\u0119powania przed S\u0105dem Polubownym przy Komisji Nadzoru Finansowego.<\/li>\n<\/ol>\n","protected":false},"excerpt":{"rendered":"<p>Zgodnie z Ustaw\u0105 o dystrybucji ubezpiecze\u0144 klient brokera b\u0119d\u0105cy osob\u0105 fizyczn\u0105, osob\u0105 prawn\u0105, sp\u00f3\u0142k\u0105 nieposiadaj\u0105c\u0105 osobowo\u015bci prawnej ma prawo z\u0142o\u017cenia reklamacji na dzia\u0142anie brokera ubezpieczeniowego w zakresie niezwi\u0105zanym z udzielan\u0105 ochron\u0105. Reklamacje mo\u017cna sk\u0142ada\u0107 drog\u0105 elektroniczn\u0105 na adres broker@ubezpieczeniowe.pl, a tak\u017ce osobi\u015bcie lub w formie pisemnej na adres: Andrzej Ku\u017anar, Jacek Piec s.c. 43-100 Tychy, [&hellip;]<\/p>\n","protected":false},"author":1,"featured_media":0,"parent":350,"menu_order":0,"comment_status":"closed","ping_status":"closed","template":"","meta":{"footnotes":""},"class_list":["post-357","page","type-page","status-publish","hentry"],"_links":{"self":[{"href":"https:\/\/ubezpieczeniowe.pl\/index.php?rest_route=\/wp\/v2\/pages\/357","targetHints":{"allow":["GET"]}}],"collection":[{"href":"https:\/\/ubezpieczeniowe.pl\/index.php?rest_route=\/wp\/v2\/pages"}],"about":[{"href":"https:\/\/ubezpieczeniowe.pl\/index.php?rest_route=\/wp\/v2\/types\/page"}],"author":[{"embeddable":true,"href":"https:\/\/ubezpieczeniowe.pl\/index.php?rest_route=\/wp\/v2\/users\/1"}],"replies":[{"embeddable":true,"href":"https:\/\/ubezpieczeniowe.pl\/index.php?rest_route=%2Fwp%2Fv2%2Fcomments&post=357"}],"version-history":[{"count":3,"href":"https:\/\/ubezpieczeniowe.pl\/index.php?rest_route=\/wp\/v2\/pages\/357\/revisions"}],"predecessor-version":[{"id":368,"href":"https:\/\/ubezpieczeniowe.pl\/index.php?rest_route=\/wp\/v2\/pages\/357\/revisions\/368"}],"up":[{"embeddable":true,"href":"https:\/\/ubezpieczeniowe.pl\/index.php?rest_route=\/wp\/v2\/pages\/350"}],"wp:attachment":[{"href":"https:\/\/ubezpieczeniowe.pl\/index.php?rest_route=%2Fwp%2Fv2%2Fmedia&parent=357"}],"curies":[{"name":"wp","href":"https:\/\/api.w.org\/{rel}","templated":true}]}}