{"id":353,"date":"2019-01-27T15:03:53","date_gmt":"2019-01-27T15:03:53","guid":{"rendered":"http:\/\/ubezpieczeniowe.pl\/?page_id=353"},"modified":"2019-01-28T08:03:13","modified_gmt":"2019-01-28T08:03:13","slug":"polityka-prywatnosci","status":"publish","type":"page","link":"https:\/\/ubezpieczeniowe.pl\/?page_id=353","title":{"rendered":"polityka prywatno\u015bci"},"content":{"rendered":"<ol>\n<li>\u00a0W zwi\u0105zku z przepisami Rozporz\u0105dzenia Parlamentu Europejskiego i Rady (UE) 2016\/679 z dnia 27 kwietnia 2016 r. w sprawie ochrony os\u00f3b fizycznych w zwi\u0105zku z przetwarzaniem danych osobowych i w sprawie swobodnego przep\u0142ywu takich danych oraz uchylenia dyrektywy 95\/46\/WE (og\u00f3lne rozporz\u0105dzenie o ochronie danych \u2013 RODO), informujemy, i\u017c podj\u0119li\u015bmy niezb\u0119dne dzia\u0142ania maj\u0105ce na celu dostosowanie wewn\u0119trznych procedur do wymog\u00f3w nowego prawa. Poni\u017cej znajd\u0105 Pa\u0144stwo informacje, kt\u00f3re pozwol\u0105 zapozna\u0107 si\u0119 z zasadami ochrony danych osobowych wdro\u017conymi w naszej Sp\u00f3\u0142ce.<\/li>\n<li>Zgodnie z art. 13 ust. 1 i 2 Rozporz\u0105dzenia Parlamentu Europejskiego i Rady (UE) 2016\/679 z 27.04.2016 r. (RODO), informujemy Pa\u0144stwa o nast\u0119puj\u0105cych kwestiach:\n<ul>\n<li>administratorem Pa\u0144stwa danych osobowych jest<br \/>\nAndrzej Ku\u017anar, Jacek Piec s.c.<br \/>\n43-100 Tychy, ul. Gen. de Gaulle\u2019a 8<\/li>\n<li>odbiorcami Pa\u0144stwa danych osobowych s\u0105 wy\u0142\u0105cznie podmioty uprawnione do uzyskania danych osobowych,<\/li>\n<li>wszelkie pytania dotycz\u0105ce sposobu i zakresu przetwarzania Pa\u0144stwa danych osobowych oraz zakresu przys\u0142uguj\u0105cych Pa\u0144stwu uprawnie\u0144, prosimy kierowa\u0107 na adres:<br \/>\nbroker@ubezpieczeniowe.pl,<\/li>\n<\/ul>\n<\/li>\n<li>Dodatkowo podajemy, i\u017c:\n<ul>\n<li>Pa\u0144stwa dane osobowe przetwarzamy w celu zawarcia umowy, b\u0105d\u017a na podstawie zawartej wcze\u015bniej umowy, czyli zgodnie z art. 6 ust. 1 lit. b, Rozporz\u0105dzenia RODO,<\/li>\n<li>podanie danych osobowych jest dobrowolne, jednak\u017ce odmowa ich podania mo\u017ce skutkowa\u0107 odmow\u0105 zawarcia umowy, b\u0105d\u017a niemo\u017cno\u015bci\u0105 nawi\u0105zania kontaktu,<\/li>\n<li>mog\u0105 Pa\u0144stwo zwr\u00f3ci\u0107 si\u0119 do nas z \u017c\u0105daniem dost\u0119pu do swoich danych, ich sprostowania, przeniesienia, usuni\u0119cia, ograniczenia przetwarzania, jak r\u00f3wnie\u017c wnie\u015b\u0107 sprzeciw wobec ich dalszego przetwarzania w ka\u017cdym momencie,<\/li>\n<li>dane osobowe b\u0119d\u0105 przetwarzane do momentu ustania celu przetwarzania, po czym b\u0119d\u0105 archiwizowane przez okres wynikaj\u0105cy z charakteru umowy oraz okres trwania wymagalno\u015bci ewentualnych roszcze\u0144,<\/li>\n<li>odbiorcami Pa\u0144stwa danych osobowych b\u0119d\u0105 jedynie podmioty uprawnione do ich uzyskania w zwi\u0105zku z realizacj\u0105 umowy,<\/li>\n<li>w przypadku przetwarzania Pa\u0144stwa danych osobowych niezgodnie z Rozporz\u0105dzeniem RODO, maj\u0105 Pa\u0144stwo prawo skierowa\u0107 skarg\u0119 do Prezesa Urz\u0119du Ochrony Danych Osobowych z siedzib\u0105 w Warszawie (00-923) przy ul. Stawki 2,<\/li>\n<li>przetwarzane dane osobowe nie b\u0119d\u0105 poddawane profilowaniu.<\/li>\n<\/ul>\n<\/li>\n<\/ol>\n","protected":false},"excerpt":{"rendered":"<p>\u00a0W zwi\u0105zku z przepisami Rozporz\u0105dzenia Parlamentu Europejskiego i Rady (UE) 2016\/679 z dnia 27 kwietnia 2016 r. w sprawie ochrony os\u00f3b fizycznych w zwi\u0105zku z przetwarzaniem danych osobowych i w sprawie swobodnego przep\u0142ywu takich danych oraz uchylenia dyrektywy 95\/46\/WE (og\u00f3lne rozporz\u0105dzenie o ochronie danych \u2013 RODO), informujemy, i\u017c podj\u0119li\u015bmy niezb\u0119dne dzia\u0142ania maj\u0105ce na celu dostosowanie [&hellip;]<\/p>\n","protected":false},"author":1,"featured_media":0,"parent":350,"menu_order":0,"comment_status":"closed","ping_status":"closed","template":"","meta":{"footnotes":""},"class_list":["post-353","page","type-page","status-publish","hentry"],"_links":{"self":[{"href":"https:\/\/ubezpieczeniowe.pl\/index.php?rest_route=\/wp\/v2\/pages\/353","targetHints":{"allow":["GET"]}}],"collection":[{"href":"https:\/\/ubezpieczeniowe.pl\/index.php?rest_route=\/wp\/v2\/pages"}],"about":[{"href":"https:\/\/ubezpieczeniowe.pl\/index.php?rest_route=\/wp\/v2\/types\/page"}],"author":[{"embeddable":true,"href":"https:\/\/ubezpieczeniowe.pl\/index.php?rest_route=\/wp\/v2\/users\/1"}],"replies":[{"embeddable":true,"href":"https:\/\/ubezpieczeniowe.pl\/index.php?rest_route=%2Fwp%2Fv2%2Fcomments&post=353"}],"version-history":[{"count":3,"href":"https:\/\/ubezpieczeniowe.pl\/index.php?rest_route=\/wp\/v2\/pages\/353\/revisions"}],"predecessor-version":[{"id":366,"href":"https:\/\/ubezpieczeniowe.pl\/index.php?rest_route=\/wp\/v2\/pages\/353\/revisions\/366"}],"up":[{"embeddable":true,"href":"https:\/\/ubezpieczeniowe.pl\/index.php?rest_route=\/wp\/v2\/pages\/350"}],"wp:attachment":[{"href":"https:\/\/ubezpieczeniowe.pl\/index.php?rest_route=%2Fwp%2Fv2%2Fmedia&parent=353"}],"curies":[{"name":"wp","href":"https:\/\/api.w.org\/{rel}","templated":true}]}}