{"id":265,"date":"2014-01-19T10:06:04","date_gmt":"2014-01-19T10:06:04","guid":{"rendered":"http:\/\/serwer1448587.home.pl\/autoinstalator\/wordpress\/?page_id=265"},"modified":"2022-07-26T09:24:08","modified_gmt":"2022-07-26T09:24:08","slug":"operatorzy-serwisow-internetowych","status":"publish","type":"page","link":"https:\/\/ubezpieczeniowe.pl\/?page_id=265","title":{"rendered":"operatorzy serwis\u00f3w internetowych"},"content":{"rendered":"<p>Posiadasz serwis internetowy? Masz grup\u0119 klient\u00f3w, kt\u00f3rym \u015bwiadczysz us\u0142ugi lub sprzedajesz towary? Chcesz zapewni\u0107 sobie ich lojalno\u015b\u0107 na d\u0142ugie lata, a jednocze\u015bnie zwi\u0119kszy\u0107 swoje przychody? Daj im wi\u0119cej.<\/p>\n<p>Projektujemy i wsp\u00f3lnie wdra\u017camy specjalne ubezpieczeniowe programy internetowe kierowane nast\u0119pnie do twoich klient\u00f3w poprzez tw\u00f3j serwis.<\/p>\n<p>W ka\u017cdym przypadku program zawiera produkty ubezpieczeniowe dobrze dopasowane do potrzeb grupy twoich klient\u00f3w. Negocjujemy najlepsze warunki i atrakcyjne ceny. Zapewniamy narz\u0119dzia internetowe do \u0142atwego zakupu ubezpiecze\u0144.<\/p>\n<p>To dzia\u0142a, zobacz przyk\u0142ad\u00a0<a href=\"http:\/\/podatki.biz\/ubezpieczenie-oc-biur-rachunkowych\" target=\"_blank\" rel=\"noopener\">&gt;&gt;&gt;<\/a><\/p>\n<p>Zapytaj o szczeg\u00f3\u0142y <a title=\"Kontakt\" href=\"http:\/\/serwer1448587.home.pl\/autoinstalator\/wordpress\/?page_id=139\">&gt;&gt;&gt;<\/a><\/p>\n","protected":false},"excerpt":{"rendered":"<p>Posiadasz serwis internetowy? Masz grup\u0119 klient\u00f3w, kt\u00f3rym \u015bwiadczysz us\u0142ugi lub sprzedajesz towary? Chcesz zapewni\u0107 sobie ich lojalno\u015b\u0107 na d\u0142ugie lata, a jednocze\u015bnie zwi\u0119kszy\u0107 swoje przychody? Daj im wi\u0119cej. Projektujemy i wsp\u00f3lnie wdra\u017camy specjalne ubezpieczeniowe programy internetowe kierowane nast\u0119pnie do twoich klient\u00f3w poprzez tw\u00f3j serwis. W ka\u017cdym przypadku program zawiera produkty ubezpieczeniowe dobrze dopasowane do potrzeb [&hellip;]<\/p>\n","protected":false},"author":1,"featured_media":0,"parent":186,"menu_order":0,"comment_status":"closed","ping_status":"closed","template":"","meta":{"footnotes":""},"class_list":["post-265","page","type-page","status-publish","hentry"],"_links":{"self":[{"href":"https:\/\/ubezpieczeniowe.pl\/index.php?rest_route=\/wp\/v2\/pages\/265","targetHints":{"allow":["GET"]}}],"collection":[{"href":"https:\/\/ubezpieczeniowe.pl\/index.php?rest_route=\/wp\/v2\/pages"}],"about":[{"href":"https:\/\/ubezpieczeniowe.pl\/index.php?rest_route=\/wp\/v2\/types\/page"}],"author":[{"embeddable":true,"href":"https:\/\/ubezpieczeniowe.pl\/index.php?rest_route=\/wp\/v2\/users\/1"}],"replies":[{"embeddable":true,"href":"https:\/\/ubezpieczeniowe.pl\/index.php?rest_route=%2Fwp%2Fv2%2Fcomments&post=265"}],"version-history":[{"count":5,"href":"https:\/\/ubezpieczeniowe.pl\/index.php?rest_route=\/wp\/v2\/pages\/265\/revisions"}],"predecessor-version":[{"id":307,"href":"https:\/\/ubezpieczeniowe.pl\/index.php?rest_route=\/wp\/v2\/pages\/265\/revisions\/307"}],"up":[{"embeddable":true,"href":"https:\/\/ubezpieczeniowe.pl\/index.php?rest_route=\/wp\/v2\/pages\/186"}],"wp:attachment":[{"href":"https:\/\/ubezpieczeniowe.pl\/index.php?rest_route=%2Fwp%2Fv2%2Fmedia&parent=265"}],"curies":[{"name":"wp","href":"https:\/\/api.w.org\/{rel}","templated":true}]}}