{"id":263,"date":"2014-01-19T10:05:35","date_gmt":"2014-01-19T10:05:35","guid":{"rendered":"http:\/\/serwer1448587.home.pl\/autoinstalator\/wordpress\/?page_id=263"},"modified":"2014-01-22T15:59:08","modified_gmt":"2014-01-22T15:59:08","slug":"miasta-i-gminy","status":"publish","type":"page","link":"https:\/\/ubezpieczeniowe.pl\/?page_id=263","title":{"rendered":"miasta i gminy"},"content":{"rendered":"<p>Dobry program ubezpieczeniowy dla miasta lub gminy to prawdziwe wyzwanie dla brokera. W\u00a0jednym organizacyjnym tyglu przenikaj\u0105 si\u0119 tu bowiem r\u00f3\u017cnorodne ryzyka jak\u017ce odmiennych dzia\u0142alno\u015bci i funkcji:\u00a0 administracja, nowe inwestycje, mieszkalnictwo, transport os\u00f3b, zarz\u0105dzanie drogami, ochrona zdrowia, szkolnictwo, sport, zasoby ludzkie itd.<\/p>\n<p>Celem g\u0142\u00f3wnym naszego dzia\u0142ania jest doprowadzenie do przyj\u0119cia przez klienta zintegrowanej polityki w zakresie zarz\u0105dzania ryzykiem dzia\u0142alno\u015bci i zunifikowanie procedur zakupu ubezpiecze\u0144 i sposobu ich wykonywania w obr\u0119bie ca\u0142ej struktury miejskiej lub gminnej.<\/p>\n<p>Cele cz\u0119\u015bciowe<\/p>\n<ul>\n<li>analiza stanu istniej\u0105cego \u2013 stosowane procedury dotycz\u0105ce ubezpiecze\u0144, posiadane ubezpieczenia i spos\u00f3b ich zawierania, wielko\u015b\u0107 wydatkowych \u015brodk\u00f3w, przebieg ubezpiecze\u0144 \u2013 szkody i odszkodowania<\/li>\n<li>analiza realnych potrzeb ubezpieczeniowych \u2013 ocena ryzyka<\/li>\n<li>przygotowanie wsp\u00f3lnego programu ubezpieczeniowego \u2013 dob\u00f3r ryzyk do ubezpieczenia, okre\u015blenie parametr\u00f3w adekwatnych produkt\u00f3w ubezpieczeniowych, zintegrowany system monitorowania szk\u00f3d \u2013 zg\u0142aszanie i egzekwowanie odszkodowa\u0144<\/li>\n<li>opracowanie SIWZ na zakup ubezpiecze\u0144 dla ca\u0142ej struktury i udzia\u0142 w post\u0119powaniu w charakterze eksperta<\/li>\n<li>wdro\u017cenie rozwi\u0105za\u0144<\/li>\n<\/ul>\n<p>Korzy\u015bci<\/p>\n<ul>\n<li>uzyskanie sp\u00f3jnych i jednolitych procedur stosowanych w obr\u0119bie organizacji<\/li>\n<li>\u015bwiadome pos\u0142ugiwanie si\u0119 procedurami przez personel i prawid\u0142owe korzystanie z ubezpiecze\u0144<\/li>\n<li>optymalizacja ochrony i ceny ubezpiecze\u0144<\/li>\n<li>unikanie podw\u00f3jnych ubezpiecze\u0144, a z drugiej strony eliminowanie niedoubezpiecze\u0144<\/li>\n<li>poprawa jako\u015bci informacji o stanie ryzyk w organizacji, podj\u0119cie dzia\u0142a\u0144 prewencyjnych<\/li>\n<li>wzrost zaufania u Ubezpieczycieli \u2013 mo\u017cliwo\u015b\u0107 uzyskiwania ochrony \u201etrudnych\u201d ryzyk<\/li>\n<li>relatywne obni\u017cenie ceny ubezpiecze\u0144 \u2013 efekt skali<\/li>\n<\/ul>\n<p>Zapytaj o szczeg\u00f3\u0142y <a title=\"Kontakt\" href=\"http:\/\/serwer1448587.home.pl\/autoinstalator\/wordpress\/?page_id=139\">&gt;&gt;&gt;<\/a><\/p>\n","protected":false},"excerpt":{"rendered":"<p>Dobry program ubezpieczeniowy dla miasta lub gminy to prawdziwe wyzwanie dla brokera. W\u00a0jednym organizacyjnym tyglu przenikaj\u0105 si\u0119 tu bowiem r\u00f3\u017cnorodne ryzyka jak\u017ce odmiennych dzia\u0142alno\u015bci i funkcji:\u00a0 administracja, nowe inwestycje, mieszkalnictwo, transport os\u00f3b, zarz\u0105dzanie drogami, ochrona zdrowia, szkolnictwo, sport, zasoby ludzkie itd. Celem g\u0142\u00f3wnym naszego dzia\u0142ania jest doprowadzenie do przyj\u0119cia przez klienta zintegrowanej polityki w zakresie [&hellip;]<\/p>\n","protected":false},"author":1,"featured_media":0,"parent":186,"menu_order":0,"comment_status":"closed","ping_status":"closed","template":"","meta":{"footnotes":""},"class_list":["post-263","page","type-page","status-publish","hentry"],"_links":{"self":[{"href":"https:\/\/ubezpieczeniowe.pl\/index.php?rest_route=\/wp\/v2\/pages\/263","targetHints":{"allow":["GET"]}}],"collection":[{"href":"https:\/\/ubezpieczeniowe.pl\/index.php?rest_route=\/wp\/v2\/pages"}],"about":[{"href":"https:\/\/ubezpieczeniowe.pl\/index.php?rest_route=\/wp\/v2\/types\/page"}],"author":[{"embeddable":true,"href":"https:\/\/ubezpieczeniowe.pl\/index.php?rest_route=\/wp\/v2\/users\/1"}],"replies":[{"embeddable":true,"href":"https:\/\/ubezpieczeniowe.pl\/index.php?rest_route=%2Fwp%2Fv2%2Fcomments&post=263"}],"version-history":[{"count":5,"href":"https:\/\/ubezpieczeniowe.pl\/index.php?rest_route=\/wp\/v2\/pages\/263\/revisions"}],"predecessor-version":[{"id":331,"href":"https:\/\/ubezpieczeniowe.pl\/index.php?rest_route=\/wp\/v2\/pages\/263\/revisions\/331"}],"up":[{"embeddable":true,"href":"https:\/\/ubezpieczeniowe.pl\/index.php?rest_route=\/wp\/v2\/pages\/186"}],"wp:attachment":[{"href":"https:\/\/ubezpieczeniowe.pl\/index.php?rest_route=%2Fwp%2Fv2%2Fmedia&parent=263"}],"curies":[{"name":"wp","href":"https:\/\/api.w.org\/{rel}","templated":true}]}}