{"id":259,"date":"2014-01-19T10:04:50","date_gmt":"2014-01-19T10:04:50","guid":{"rendered":"http:\/\/serwer1448587.home.pl\/autoinstalator\/wordpress\/?page_id=259"},"modified":"2014-01-21T18:00:38","modified_gmt":"2014-01-21T18:00:38","slug":"budownictwo","status":"publish","type":"page","link":"https:\/\/ubezpieczeniowe.pl\/?page_id=259","title":{"rendered":"budownictwo"},"content":{"rendered":"<p>Oferujemy nasze us\u0142ugi brokerskie wszystkim podmiotom zaanga\u017cowanym w szeroko rozumiane procesy inwestycyjne w tym budowlane.\u00a0 Oferta kierowana jest\u00a0 do inwestor\u00f3w, wykonawc\u00f3w, podwykonawc\u00f3w, projektant\u00f3w, in\u017cynier\u00f3w kontraktu, rzeczoznawc\u00f3w.<\/p>\n<p>W szczeg\u00f3lno\u015bci\u00a0 rezultatem naszej pracy jest w porozumieniu z klientem doprowadzenie do zawarcia w\u0142a\u015bciwych ubezpiecze\u0144 i uzyskania wymaganych gwarancji finansowych.<\/p>\n<p>Ubezpieczenia odpowiedzialno\u015bci cywilnej<\/p>\n<ul>\n<li>z tytu\u0142u prowadzenia dzia\u0142alno\u015bci i posiadania mienia<\/li>\n<li>z tytu\u0142u realizacji wybranego kontraktu<\/li>\n<li>z tytu\u0142u wykonywania zawodu<\/li>\n<li>cz\u0142onk\u00f3w zarz\u0105du za podejmowane decyzje<\/li>\n<\/ul>\n<p>Ubezpieczenia maj\u0105tkowe<\/p>\n<ul>\n<li>wszystkich ryzyk budowy i monta\u017cu(CAR\/EAR)<\/li>\n<li>utraty zysku w nast\u0119pstwie szk\u00f3d budowlano-monta\u017cowych (ALoP)<\/li>\n<li>maszyn budowlanych (CPM)<\/li>\n<li>\u015brodk\u00f3w transportu<\/li>\n<li>mienia firmy<\/li>\n<\/ul>\n<p>Gwarancje finansowe<\/p>\n<ul>\n<li>wadium<\/li>\n<li>nale\u017cytego wykonania kontraktu<\/li>\n<li>usuni\u0119cia wad i usterek<\/li>\n<li>zwrotu zaliczki<\/li>\n<\/ul>\n<p>Nasze us\u0142ugi obejmuj\u0105 r\u00f3wnie\u017c projektowanie i opiniowanie SIWZ oraz um\u00f3w z kontrahentami w cz\u0119\u015bci dotycz\u0105cej ubezpiecze\u0144.<\/p>\n<p>Zapytaj o szczeg\u00f3\u0142y\u00a0 <a title=\"Kontakt\" href=\"http:\/\/serwer1448587.home.pl\/autoinstalator\/wordpress\/?page_id=139\">&gt;&gt;&gt;<\/a><\/p>\n","protected":false},"excerpt":{"rendered":"<p>Oferujemy nasze us\u0142ugi brokerskie wszystkim podmiotom zaanga\u017cowanym w szeroko rozumiane procesy inwestycyjne w tym budowlane.\u00a0 Oferta kierowana jest\u00a0 do inwestor\u00f3w, wykonawc\u00f3w, podwykonawc\u00f3w, projektant\u00f3w, in\u017cynier\u00f3w kontraktu, rzeczoznawc\u00f3w. W szczeg\u00f3lno\u015bci\u00a0 rezultatem naszej pracy jest w porozumieniu z klientem doprowadzenie do zawarcia w\u0142a\u015bciwych ubezpiecze\u0144 i uzyskania wymaganych gwarancji finansowych. Ubezpieczenia odpowiedzialno\u015bci cywilnej z tytu\u0142u prowadzenia dzia\u0142alno\u015bci i posiadania [&hellip;]<\/p>\n","protected":false},"author":1,"featured_media":0,"parent":186,"menu_order":0,"comment_status":"closed","ping_status":"closed","template":"","meta":{"footnotes":""},"class_list":["post-259","page","type-page","status-publish","hentry"],"_links":{"self":[{"href":"https:\/\/ubezpieczeniowe.pl\/index.php?rest_route=\/wp\/v2\/pages\/259","targetHints":{"allow":["GET"]}}],"collection":[{"href":"https:\/\/ubezpieczeniowe.pl\/index.php?rest_route=\/wp\/v2\/pages"}],"about":[{"href":"https:\/\/ubezpieczeniowe.pl\/index.php?rest_route=\/wp\/v2\/types\/page"}],"author":[{"embeddable":true,"href":"https:\/\/ubezpieczeniowe.pl\/index.php?rest_route=\/wp\/v2\/users\/1"}],"replies":[{"embeddable":true,"href":"https:\/\/ubezpieczeniowe.pl\/index.php?rest_route=%2Fwp%2Fv2%2Fcomments&post=259"}],"version-history":[{"count":4,"href":"https:\/\/ubezpieczeniowe.pl\/index.php?rest_route=\/wp\/v2\/pages\/259\/revisions"}],"predecessor-version":[{"id":304,"href":"https:\/\/ubezpieczeniowe.pl\/index.php?rest_route=\/wp\/v2\/pages\/259\/revisions\/304"}],"up":[{"embeddable":true,"href":"https:\/\/ubezpieczeniowe.pl\/index.php?rest_route=\/wp\/v2\/pages\/186"}],"wp:attachment":[{"href":"https:\/\/ubezpieczeniowe.pl\/index.php?rest_route=%2Fwp%2Fv2%2Fmedia&parent=259"}],"curies":[{"name":"wp","href":"https:\/\/api.w.org\/{rel}","templated":true}]}}