{"id":257,"date":"2014-01-19T10:03:43","date_gmt":"2014-01-19T10:03:43","guid":{"rendered":"http:\/\/serwer1448587.home.pl\/autoinstalator\/wordpress\/?page_id=257"},"modified":"2014-01-22T15:49:40","modified_gmt":"2014-01-22T15:49:40","slug":"pracownicy","status":"publish","type":"page","link":"https:\/\/ubezpieczeniowe.pl\/?page_id=257","title":{"rendered":"pracownicy"},"content":{"rendered":"<p>Pracownikom oferujemy dost\u0119p do grupowych program\u00f3w ubezpiecze\u0144:<\/p>\n<ul>\n<li>na \u017cycie, nast\u0119pstw nieszcz\u0119\u015bliwych wypadk\u00f3w, pobytu w szpitalu<\/li>\n<li>zdrowotnych<\/li>\n<li>odpowiedzialno\u015bci pracownik\u00f3w za szkody wyrz\u0105dzone pracodawcy.<\/li>\n<\/ul>\n<p>Wdro\u017cenie ka\u017cdego programu poprzedzone jest analiz\u0105 potrzeb i oczekiwa\u0144 grupy pracowniczej klienta, co do wariant\u00f3w, zakres\u00f3w i sum ubezpieczenia.<\/p>\n<p>Obs\u0142uga programu zapewnia sprawne otrzymanie nale\u017cnych \u015bwiadcze\u0144, przy czym korzystamy ze wsparcia personelu klienta, o ile wyrazi na to zgod\u0119.<\/p>\n<p>Zapytaj o szczeg\u00f3\u0142y <a title=\"Kontakt\" href=\"http:\/\/serwer1448587.home.pl\/autoinstalator\/wordpress\/?page_id=139\">&gt;&gt;&gt;<\/a><\/p>\n","protected":false},"excerpt":{"rendered":"<p>Pracownikom oferujemy dost\u0119p do grupowych program\u00f3w ubezpiecze\u0144: na \u017cycie, nast\u0119pstw nieszcz\u0119\u015bliwych wypadk\u00f3w, pobytu w szpitalu zdrowotnych odpowiedzialno\u015bci pracownik\u00f3w za szkody wyrz\u0105dzone pracodawcy. Wdro\u017cenie ka\u017cdego programu poprzedzone jest analiz\u0105 potrzeb i oczekiwa\u0144 grupy pracowniczej klienta, co do wariant\u00f3w, zakres\u00f3w i sum ubezpieczenia. Obs\u0142uga programu zapewnia sprawne otrzymanie nale\u017cnych \u015bwiadcze\u0144, przy czym korzystamy ze wsparcia personelu klienta, [&hellip;]<\/p>\n","protected":false},"author":1,"featured_media":0,"parent":186,"menu_order":0,"comment_status":"closed","ping_status":"closed","template":"","meta":{"footnotes":""},"class_list":["post-257","page","type-page","status-publish","hentry"],"_links":{"self":[{"href":"https:\/\/ubezpieczeniowe.pl\/index.php?rest_route=\/wp\/v2\/pages\/257","targetHints":{"allow":["GET"]}}],"collection":[{"href":"https:\/\/ubezpieczeniowe.pl\/index.php?rest_route=\/wp\/v2\/pages"}],"about":[{"href":"https:\/\/ubezpieczeniowe.pl\/index.php?rest_route=\/wp\/v2\/types\/page"}],"author":[{"embeddable":true,"href":"https:\/\/ubezpieczeniowe.pl\/index.php?rest_route=\/wp\/v2\/users\/1"}],"replies":[{"embeddable":true,"href":"https:\/\/ubezpieczeniowe.pl\/index.php?rest_route=%2Fwp%2Fv2%2Fcomments&post=257"}],"version-history":[{"count":5,"href":"https:\/\/ubezpieczeniowe.pl\/index.php?rest_route=\/wp\/v2\/pages\/257\/revisions"}],"predecessor-version":[{"id":328,"href":"https:\/\/ubezpieczeniowe.pl\/index.php?rest_route=\/wp\/v2\/pages\/257\/revisions\/328"}],"up":[{"embeddable":true,"href":"https:\/\/ubezpieczeniowe.pl\/index.php?rest_route=\/wp\/v2\/pages\/186"}],"wp:attachment":[{"href":"https:\/\/ubezpieczeniowe.pl\/index.php?rest_route=%2Fwp%2Fv2%2Fmedia&parent=257"}],"curies":[{"name":"wp","href":"https:\/\/api.w.org\/{rel}","templated":true}]}}