{"id":255,"date":"2014-01-19T10:03:15","date_gmt":"2014-01-19T10:03:15","guid":{"rendered":"http:\/\/serwer1448587.home.pl\/autoinstalator\/wordpress\/?page_id=255"},"modified":"2019-08-12T06:02:39","modified_gmt":"2019-08-12T06:02:39","slug":"przedsiebiorstwa","status":"publish","type":"page","link":"https:\/\/ubezpieczeniowe.pl\/?page_id=255","title":{"rendered":"przedsi\u0119biorstwa"},"content":{"rendered":"<p><strong>Przedsi\u0119biorstwa\u00a0 i dzia\u0142alno\u015b\u0107 gospodarcza<\/strong><\/p>\n<p>Ka\u017cda dzia\u0142alno\u015b\u0107 gospodarcza wi\u0105\u017ce si\u0119 z ponoszeniem ryzyka. O ile ryzyko stricte biznesowe jest poza sfer\u0105 ubezpiecze\u0144, to ju\u017c wszystko pozosta\u0142e \u201eco czyha za drog\u0105\u201d powinno by\u0107 przedmiotem zainteresowania przedsi\u0119biorcy, bowiem w\u0142a\u015bciwa identyfikacja ryzyk, ich analiza i ocena da podstaw\u0119 zbudowania optymalnego programu ubezpieczeniowego i zakup odpowiednich ubezpiecze\u0144. W rezultacie, w przypadku zrealizowania si\u0119 ryzyka i wyst\u0105pienia szkody, takie ubezpieczenie pozwoli<\/p>\n<ul>\n<li>sfinansowa\u0107 odbudow\u0119 utraconego mienia (po\u017car, pow\u00f3d\u017a, huragan, uszkodzenia maszyn, kradzie\u017ce itd)<\/li>\n<li>zrekompensowa\u0107 poniesione straty (utrata zysku, utrata rynk\u00f3w)<\/li>\n<li>zaspokoi\u0107 roszczenia os\u00f3b trzecich (OC firmy, odpowiedzialno\u015b\u0107 cz\u0142onk\u00f3w w\u0142adz firmy)<\/li>\n<\/ul>\n<p>w wielu przypadkach &#8211; ustrzec firm\u0119 przed upad\u0142o\u015bci\u0105.<\/p>\n<p>Dla naszych partner\u00f3w najcenniejszym rezultatem wsp\u00f3\u0142pracy z nami jest<\/p>\n<ul>\n<li>indywidualna ocena potrzeb ubezpieczeniowych wynikaj\u0105cych z charakteru prowadzonej dzia\u0142alno\u015bci,<\/li>\n<li>wskaz\u00f3wki do podj\u0119cia dzia\u0142a\u0144 prewencyjnych,<\/li>\n<li>optymalizacja ochrony i ceny ubezpiecze\u0144,<\/li>\n<li>wzrost zaufania u Ubezpieczycieli \u2013 mo\u017cliwo\u015b\u0107 uzyskiwania ochrony \u201etrudnych\u201d ryzyk,<\/li>\n<li>partnerska, d\u0142ugofalowa opieka brokerska<\/li>\n<\/ul>\n<p>Zwa\u017cywszy na nasze d\u0142ugoletnie do\u015bwiadczenie, nasza oferta kierowana jest do przedsi\u0119biorstw r\u00f3\u017cnych bran\u017c, wielko\u015bci i profilu dzia\u0142ania (produkcyjne, us\u0142ugowe, handlowe, komunalne).<\/p>\n<p>Zapytaj o szczeg\u00f3\u0142y <a href=\"http:\/\/serwer1448587.home.pl\/autoinstalator\/wordpress\/?page_id=139\">&gt;&gt;&gt;<\/a><\/p>\n","protected":false},"excerpt":{"rendered":"<p>Przedsi\u0119biorstwa\u00a0 i dzia\u0142alno\u015b\u0107 gospodarcza Ka\u017cda dzia\u0142alno\u015b\u0107 gospodarcza wi\u0105\u017ce si\u0119 z ponoszeniem ryzyka. O ile ryzyko stricte biznesowe jest poza sfer\u0105 ubezpiecze\u0144, to ju\u017c wszystko pozosta\u0142e \u201eco czyha za drog\u0105\u201d powinno by\u0107 przedmiotem zainteresowania przedsi\u0119biorcy, bowiem w\u0142a\u015bciwa identyfikacja ryzyk, ich analiza i ocena da podstaw\u0119 zbudowania optymalnego programu ubezpieczeniowego i zakup odpowiednich ubezpiecze\u0144. W rezultacie, w [&hellip;]<\/p>\n","protected":false},"author":1,"featured_media":0,"parent":186,"menu_order":0,"comment_status":"closed","ping_status":"closed","template":"","meta":{"footnotes":""},"class_list":["post-255","page","type-page","status-publish","hentry"],"_links":{"self":[{"href":"https:\/\/ubezpieczeniowe.pl\/index.php?rest_route=\/wp\/v2\/pages\/255","targetHints":{"allow":["GET"]}}],"collection":[{"href":"https:\/\/ubezpieczeniowe.pl\/index.php?rest_route=\/wp\/v2\/pages"}],"about":[{"href":"https:\/\/ubezpieczeniowe.pl\/index.php?rest_route=\/wp\/v2\/types\/page"}],"author":[{"embeddable":true,"href":"https:\/\/ubezpieczeniowe.pl\/index.php?rest_route=\/wp\/v2\/users\/1"}],"replies":[{"embeddable":true,"href":"https:\/\/ubezpieczeniowe.pl\/index.php?rest_route=%2Fwp%2Fv2%2Fcomments&post=255"}],"version-history":[{"count":4,"href":"https:\/\/ubezpieczeniowe.pl\/index.php?rest_route=\/wp\/v2\/pages\/255\/revisions"}],"predecessor-version":[{"id":377,"href":"https:\/\/ubezpieczeniowe.pl\/index.php?rest_route=\/wp\/v2\/pages\/255\/revisions\/377"}],"up":[{"embeddable":true,"href":"https:\/\/ubezpieczeniowe.pl\/index.php?rest_route=\/wp\/v2\/pages\/186"}],"wp:attachment":[{"href":"https:\/\/ubezpieczeniowe.pl\/index.php?rest_route=%2Fwp%2Fv2%2Fmedia&parent=255"}],"curies":[{"name":"wp","href":"https:\/\/api.w.org\/{rel}","templated":true}]}}