{"id":229,"date":"2014-01-18T15:22:21","date_gmt":"2014-01-18T15:22:21","guid":{"rendered":"http:\/\/serwer1448587.home.pl\/autoinstalator\/wordpress\/?page_id=229"},"modified":"2022-07-21T14:00:35","modified_gmt":"2022-07-21T14:00:35","slug":"grupy-zawodowe","status":"publish","type":"page","link":"https:\/\/ubezpieczeniowe.pl\/?page_id=229","title":{"rendered":"grupy zawodowe"},"content":{"rendered":"<p>Wykonywanie zawodu wi\u0105\u017ce si\u0119 z ryzykiem wyrz\u0105dzenia szkody i obowi\u0105zkiem jej naprawienia.<\/p>\n<p>Zas\u0105dzone odszkodowanie mo\u017ce przybra\u0107 rozmiary zagra\u017caj\u0105ce stabilno\u015bci finansowej sprawcy szkody i jego rodzinie. Dobrze zawarte ubezpieczenie OC chroni przed utrat\u0105 maj\u0105tku i pozwala na dalsz\u0105 niezak\u0142\u00f3con\u0105 dzia\u0142alno\u015b\u0107. I takie ubezpieczenia oferujemy.<\/p>\n<p>Zawodowe ubezpieczenia odpowiedzialno\u015bci cywilnej, obowi\u0105zkowe i dobrowolne, opracowane na indywidualne zam\u00f3wienie lub przygotowane w postaci program\u00f3w dla ca\u0142ych grup zawodowych:<\/p>\n<ul>\n<li>ubezpieczenie ksi\u0119gowych\u00a0\u00a0\u00a0\u00a0\u00a0\u00a0\u00a0\u00a0\u00a0\u00a0\u00a0\u00a0\u00a0\u00a0\u00a0\u00a0\u00a0\u00a0\u00a0\u00a0\u00a0\u00a0\u00a0\u00a0\u00a0\u00a0\u00a0\u00a0\u00a0\u00a0\u00a0\u00a0\u00a0\u00a0\u00a0\u00a0\u00a0\u00a0dowiedz si\u0119 wi\u0119cej <a href=\"http:\/\/podatki.biz\/ubezpieczenie-oc-ksiegowych\" target=\"_blank\" rel=\"noopener\">&gt;&gt;&gt;<\/a><\/li>\n<li>ubezpieczenie biur rachunkowych\u00a0\u00a0\u00a0\u00a0\u00a0\u00a0\u00a0\u00a0\u00a0\u00a0\u00a0\u00a0\u00a0\u00a0\u00a0\u00a0\u00a0\u00a0\u00a0\u00a0\u00a0\u00a0\u00a0\u00a0 dowiedz si\u0119 wi\u0119cej <a href=\"http:\/\/podatki.biz\/ubezpieczenie-oc-biur-rachunkowych\" target=\"_blank\" rel=\"noopener\">&gt;&gt;&gt;<\/a><\/li>\n<li>ubezpieczenie mened\u017cer\u00f3w\u00a0\u00a0\u00a0\u00a0\u00a0\u00a0\u00a0\u00a0\u00a0\u00a0\u00a0\u00a0\u00a0\u00a0\u00a0\u00a0\u00a0\u00a0\u00a0\u00a0\u00a0\u00a0\u00a0\u00a0\u00a0\u00a0\u00a0\u00a0\u00a0\u00a0\u00a0\u00a0\u00a0\u00a0\u00a0\u00a0dowiedz si\u0119 wi\u0119cej <a href=\"http:\/\/podatki.biz\/ubezpieczenie-czlonkow-zarzadu\" target=\"_blank\" rel=\"noopener\">&gt;&gt;&gt;<\/a><\/li>\n<li>ubezpieczenie funkcjonariuszy publicznych<\/li>\n<li>ubezpieczenie policjant\u00f3w<\/li>\n<li>ubezpieczenie t\u0142umaczy<\/li>\n<\/ul>\n<p>Zapytaj o szczeg\u00f3\u0142y <a title=\"Kontakt\" href=\"http:\/\/serwer1448587.home.pl\/autoinstalator\/wordpress\/?page_id=139\">&gt;&gt;&gt;<\/a><\/p>\n","protected":false},"excerpt":{"rendered":"<p>Wykonywanie zawodu wi\u0105\u017ce si\u0119 z ryzykiem wyrz\u0105dzenia szkody i obowi\u0105zkiem jej naprawienia. Zas\u0105dzone odszkodowanie mo\u017ce przybra\u0107 rozmiary zagra\u017caj\u0105ce stabilno\u015bci finansowej sprawcy szkody i jego rodzinie. Dobrze zawarte ubezpieczenie OC chroni przed utrat\u0105 maj\u0105tku i pozwala na dalsz\u0105 niezak\u0142\u00f3con\u0105 dzia\u0142alno\u015b\u0107. I takie ubezpieczenia oferujemy. Zawodowe ubezpieczenia odpowiedzialno\u015bci cywilnej, obowi\u0105zkowe i dobrowolne, opracowane na indywidualne zam\u00f3wienie lub [&hellip;]<\/p>\n","protected":false},"author":1,"featured_media":0,"parent":186,"menu_order":0,"comment_status":"closed","ping_status":"closed","template":"","meta":{"footnotes":""},"class_list":["post-229","page","type-page","status-publish","hentry"],"_links":{"self":[{"href":"https:\/\/ubezpieczeniowe.pl\/index.php?rest_route=\/wp\/v2\/pages\/229","targetHints":{"allow":["GET"]}}],"collection":[{"href":"https:\/\/ubezpieczeniowe.pl\/index.php?rest_route=\/wp\/v2\/pages"}],"about":[{"href":"https:\/\/ubezpieczeniowe.pl\/index.php?rest_route=\/wp\/v2\/types\/page"}],"author":[{"embeddable":true,"href":"https:\/\/ubezpieczeniowe.pl\/index.php?rest_route=\/wp\/v2\/users\/1"}],"replies":[{"embeddable":true,"href":"https:\/\/ubezpieczeniowe.pl\/index.php?rest_route=%2Fwp%2Fv2%2Fcomments&post=229"}],"version-history":[{"count":9,"href":"https:\/\/ubezpieczeniowe.pl\/index.php?rest_route=\/wp\/v2\/pages\/229\/revisions"}],"predecessor-version":[{"id":392,"href":"https:\/\/ubezpieczeniowe.pl\/index.php?rest_route=\/wp\/v2\/pages\/229\/revisions\/392"}],"up":[{"embeddable":true,"href":"https:\/\/ubezpieczeniowe.pl\/index.php?rest_route=\/wp\/v2\/pages\/186"}],"wp:attachment":[{"href":"https:\/\/ubezpieczeniowe.pl\/index.php?rest_route=%2Fwp%2Fv2%2Fmedia&parent=229"}],"curies":[{"name":"wp","href":"https:\/\/api.w.org\/{rel}","templated":true}]}}