{"id":208,"date":"2014-01-08T11:56:20","date_gmt":"2014-01-08T11:56:20","guid":{"rendered":"http:\/\/127.0.0.1:4001\/wordpress\/?page_id=208"},"modified":"2014-01-19T10:18:28","modified_gmt":"2014-01-19T10:18:28","slug":"korzysci","status":"publish","type":"page","link":"https:\/\/ubezpieczeniowe.pl\/?page_id=208","title":{"rendered":"Korzy\u015bci"},"content":{"rendered":"<ul>\n<li>Powierzenie nam obs\u0142ugi ubezpieczeniowej pozwoli Pa\u0144stwu na pe\u0142ne zintegrowanie polityki ubezpieczeniowej, a w konsekwencji optymalizacj\u0119 zakres\u00f3w, warunk\u00f3w i koszt\u00f3w ubezpiecze\u0144 oraz skutecznego egzekwowania nale\u017cnych odszkodowa\u0144.<\/li>\n<li>Profesjonalnie zaprojektowany i wdro\u017cony program zarz\u0105dzania ryzykiem zapewni kompleksow\u0105 ochron\u0119 przedsi\u0119biorstwa oraz korzy\u015bci finansowe.<\/li>\n<li>Post\u0119powania prowadzone w oparciu o rzetelnie opracowane zapytania lub SIWZ zapewni\u0105 optymalne ulokowanie ubezpiecze\u0144.<\/li>\n<li>Powierzenie nam obs\u0142ugi brokerskiej umo\u017cliwi efektywniej wykorzysta\u0107 potencja\u0142 kadrowy Pa\u0144stwa firmy do realizacji innych cel\u00f3w.<\/li>\n<li>Bie\u017c\u0105cy dost\u0119p do najnowszych ofert rynk\u00f3w ubezpieczeniowych pozwoli na bie\u017c\u0105ce wdra\u017canie nowoczesnych i efektywnych rozwi\u0105za\u0144 ubezpieczeniowych.<\/li>\n<li>\u00a0Analiza szk\u00f3d pomo\u017ce wyeliminowa\u0107 ich najcz\u0119stsze przyczyny, doprowadzaj\u0105c w efekcie do dalszego obni\u017cenia poziomu p\u0142aconych sk\u0142adek.<\/li>\n<li>Wsparcie w analizie ubezpieczeniowej um\u00f3w z kontrahentami, poprawi bezpiecze\u0144stwo zawieranych kontrakt\u00f3w.<\/li>\n<li>Podpisanie przez Pa\u0144stwa umowy o kompleksow\u0105 obs\u0142ug\u0119 brokersk\u0105 pozwoli przenie\u015b\u0107 koszty finansowania naszej us\u0142ugi na zak\u0142ady ubezpiecze\u0144 &#8211; dla Pa\u0144stwa nieodp\u0142atnie.<\/li>\n<\/ul>\n","protected":false},"excerpt":{"rendered":"<p>Powierzenie nam obs\u0142ugi ubezpieczeniowej pozwoli Pa\u0144stwu na pe\u0142ne zintegrowanie polityki ubezpieczeniowej, a w konsekwencji optymalizacj\u0119 zakres\u00f3w, warunk\u00f3w i koszt\u00f3w ubezpiecze\u0144 oraz skutecznego egzekwowania nale\u017cnych odszkodowa\u0144. Profesjonalnie zaprojektowany i wdro\u017cony program zarz\u0105dzania ryzykiem zapewni kompleksow\u0105 ochron\u0119 przedsi\u0119biorstwa oraz korzy\u015bci finansowe. Post\u0119powania prowadzone w oparciu o rzetelnie opracowane zapytania lub SIWZ zapewni\u0105 optymalne ulokowanie ubezpiecze\u0144. Powierzenie nam [&hellip;]<\/p>\n","protected":false},"author":1,"featured_media":0,"parent":0,"menu_order":0,"comment_status":"closed","ping_status":"closed","template":"","meta":{"footnotes":""},"class_list":["post-208","page","type-page","status-publish","hentry"],"_links":{"self":[{"href":"https:\/\/ubezpieczeniowe.pl\/index.php?rest_route=\/wp\/v2\/pages\/208","targetHints":{"allow":["GET"]}}],"collection":[{"href":"https:\/\/ubezpieczeniowe.pl\/index.php?rest_route=\/wp\/v2\/pages"}],"about":[{"href":"https:\/\/ubezpieczeniowe.pl\/index.php?rest_route=\/wp\/v2\/types\/page"}],"author":[{"embeddable":true,"href":"https:\/\/ubezpieczeniowe.pl\/index.php?rest_route=\/wp\/v2\/users\/1"}],"replies":[{"embeddable":true,"href":"https:\/\/ubezpieczeniowe.pl\/index.php?rest_route=%2Fwp%2Fv2%2Fcomments&post=208"}],"version-history":[{"count":2,"href":"https:\/\/ubezpieczeniowe.pl\/index.php?rest_route=\/wp\/v2\/pages\/208\/revisions"}],"predecessor-version":[{"id":285,"href":"https:\/\/ubezpieczeniowe.pl\/index.php?rest_route=\/wp\/v2\/pages\/208\/revisions\/285"}],"wp:attachment":[{"href":"https:\/\/ubezpieczeniowe.pl\/index.php?rest_route=%2Fwp%2Fv2%2Fmedia&parent=208"}],"curies":[{"name":"wp","href":"https:\/\/api.w.org\/{rel}","templated":true}]}}