{"id":159,"date":"2014-01-07T22:25:30","date_gmt":"2014-01-07T22:25:30","guid":{"rendered":"http:\/\/127.0.0.1:4001\/wordpress\/?page_id=159"},"modified":"2019-06-29T19:51:43","modified_gmt":"2019-06-29T19:51:43","slug":"broker","status":"publish","type":"page","link":"https:\/\/ubezpieczeniowe.pl\/?page_id=159","title":{"rendered":"Broker"},"content":{"rendered":"<p>Wykonywanie dzia\u0142alno\u015bci brokerskiej uregulowane jest Ustaw\u0105 o dystrybucji ubezpiecze\u0144, wymogi kt\u00f3rej stawiaj\u0105 nasz\u0105 profesj\u0119 w kr\u0119gu zawod\u00f3w zaufania publicznego. Dzia\u0142amy wy\u0142\u0105cznie w imieniu lub na rzecz podmiotu poszukuj\u0105cego ochrony, reprezentuj\u0105c jego interesy wobec ubezpieczycieli. Broker jest niezale\u017cnym doradc\u0105, a etyka, lojalno\u015b\u0107 i obiektywizm s\u0105 do naszego zawodu przypisane prawnie.<\/p>\n<p>Naszymi klientami, kt\u00f3rych w naszej firmie przyj\u0119\u0142o nazywa\u0107 si\u0119 partnerami z uwagi na partnerskie relacje pomi\u0119dzy stronami us\u0142ugi, s\u0105 przede wszystkim podmioty, kt\u00f3re ze wzgl\u0119du na przedmiot dzia\u0142alno\u015bci, specyfik\u0119 rynku lub wielko\u015b\u0107 maj\u0105tku wymagaj\u0105 specjalistycznej albo ponadstandardowej ochrony i obs\u0142ugi ubezpieczeniowej.<\/p>\n<p>Projektuj\u0105c i wdra\u017caj\u0105c indywidualne programy ubezpieczeniowe realizujemy autorskie podej\u015bcie do ubezpiecze\u0144. Nasze dzia\u0142ania zmierzaj\u0105 do indywidualizacji um\u00f3w ubezpieczenia m.in. poprzez wprowadzenie klauzul dodatkowych, kt\u00f3re eliminuj\u0105 niekorzystne zapisy OWU i rozszerzaj\u0105 ochron\u0119 ubezpieczeniow\u0105 stosownie do potrzeb partnera.<\/p>\n<p>Wszystkie nasze dzia\u0142ania s\u0105 konsultowane z partnerem, kt\u00f3ry zachowuje pe\u0142n\u0105 kontrol\u0119 nad przebiegiem i rezultatem naszej pracy.<\/p>\n<p>Korzystanie z naszych us\u0142ug brokerskich daje partnerom szereg korzy\u015bci \u2013 realne obni\u017cenie koszt\u00f3w ubezpieczenia, popraw\u0119 warunk\u00f3w, zakres\u00f3w i limit\u00f3w oraz aktywn\u0105 pomoc przy likwidacji szk\u00f3d.<\/p>\n<p>Zgodnie z ugruntowanym standardem rynku wi\u0119kszo\u015b\u0107 us\u0142ug \u015bwiadczonych na podstawie umowy brokerskiej jest dla partner\u00f3w nieodp\u0142atna.<\/p>\n","protected":false},"excerpt":{"rendered":"<p>Wykonywanie dzia\u0142alno\u015bci brokerskiej uregulowane jest Ustaw\u0105 o dystrybucji ubezpiecze\u0144, wymogi kt\u00f3rej stawiaj\u0105 nasz\u0105 profesj\u0119 w kr\u0119gu zawod\u00f3w zaufania publicznego. Dzia\u0142amy wy\u0142\u0105cznie w imieniu lub na rzecz podmiotu poszukuj\u0105cego ochrony, reprezentuj\u0105c jego interesy wobec ubezpieczycieli. Broker jest niezale\u017cnym doradc\u0105, a etyka, lojalno\u015b\u0107 i obiektywizm s\u0105 do naszego zawodu przypisane prawnie. Naszymi klientami, kt\u00f3rych w naszej firmie [&hellip;]<\/p>\n","protected":false},"author":1,"featured_media":0,"parent":154,"menu_order":0,"comment_status":"closed","ping_status":"closed","template":"","meta":{"footnotes":""},"class_list":["post-159","page","type-page","status-publish","hentry"],"_links":{"self":[{"href":"https:\/\/ubezpieczeniowe.pl\/index.php?rest_route=\/wp\/v2\/pages\/159","targetHints":{"allow":["GET"]}}],"collection":[{"href":"https:\/\/ubezpieczeniowe.pl\/index.php?rest_route=\/wp\/v2\/pages"}],"about":[{"href":"https:\/\/ubezpieczeniowe.pl\/index.php?rest_route=\/wp\/v2\/types\/page"}],"author":[{"embeddable":true,"href":"https:\/\/ubezpieczeniowe.pl\/index.php?rest_route=\/wp\/v2\/users\/1"}],"replies":[{"embeddable":true,"href":"https:\/\/ubezpieczeniowe.pl\/index.php?rest_route=%2Fwp%2Fv2%2Fcomments&post=159"}],"version-history":[{"count":3,"href":"https:\/\/ubezpieczeniowe.pl\/index.php?rest_route=\/wp\/v2\/pages\/159\/revisions"}],"predecessor-version":[{"id":375,"href":"https:\/\/ubezpieczeniowe.pl\/index.php?rest_route=\/wp\/v2\/pages\/159\/revisions\/375"}],"up":[{"embeddable":true,"href":"https:\/\/ubezpieczeniowe.pl\/index.php?rest_route=\/wp\/v2\/pages\/154"}],"wp:attachment":[{"href":"https:\/\/ubezpieczeniowe.pl\/index.php?rest_route=%2Fwp%2Fv2%2Fmedia&parent=159"}],"curies":[{"name":"wp","href":"https:\/\/api.w.org\/{rel}","templated":true}]}}